{"id":4684,"date":"2023-08-28T06:37:17","date_gmt":"2023-08-28T05:37:17","guid":{"rendered":"https:\/\/metricalgo.com\/cursos-de-trading\/"},"modified":"2025-05-02T15:19:17","modified_gmt":"2025-05-02T14:19:17","slug":"cursos-de-trading","status":"publish","type":"page","link":"https:\/\/metricalgo.com\/es\/cursos-de-trading\/","title":{"rendered":"Cursos de Trading"},"content":{"rendered":"<p class=\"\" data-start=\"45\" data-end=\"227\">Bienvenidos a nuestro curso introductorio de trading e inversiones, el punto de partida ideal para quienes se acercan por primera vez al fascinante mundo de los mercados financieros.<\/p>\n<p class=\"\" data-start=\"229\" data-end=\"633\">En este curso, exploraremos juntos los conceptos clave y los temas fundamentales que todo aspirante a trader o inversor deber\u00eda conocer.<br data-start=\"365\" data-end=\"368\" \/>Desde una visi\u00f3n general de los mercados financieros hasta la comprensi\u00f3n de las din\u00e1micas b\u00e1sicas del trading, cada lecci\u00f3n est\u00e1 dise\u00f1ada para brindarte las herramientas esenciales y el conocimiento necesario para comenzar tu camino en el mundo de las inversiones.<\/p>\n<p class=\"\" data-start=\"635\" data-end=\"831\">Este curso representa una gu\u00eda pr\u00e1ctica y accesible para quienes desean dar con confianza sus primeros pasos en el trading, abriendo la puerta a futuros estudios y especializaciones m\u00e1s profundas.<\/p>\n<p class=\"\" data-start=\"833\" data-end=\"945\">\u00bfEst\u00e1s listo para descubrir los principios del trading y construir una base s\u00f3lida para tus futuras inversiones?<\/p>\n","protected":false},"excerpt":{"rendered":"<p>Bienvenidos a nuestro curso introductorio de trading e inversiones, el punto de partida ideal para quienes se acercan por primera vez al fascinante mundo de los mercados financieros. En este curso, exploraremos juntos los conceptos clave y los temas fundamentales que todo aspirante a trader o inversor deber\u00eda conocer.Desde una visi\u00f3n general de los mercados [&hellip;]<\/p>\n","protected":false},"author":2,"featured_media":0,"parent":0,"menu_order":0,"comment_status":"closed","ping_status":"closed","template":"","meta":{"_breakdance_hide_in_design_set":false,"_breakdance_tags":"","footnotes":""},"class_list":["post-4684","page","type-page","status-publish","hentry"],"acf":[],"_links":{"self":[{"href":"https:\/\/metricalgo.com\/es\/wp-json\/wp\/v2\/pages\/4684","targetHints":{"allow":["GET"]}}],"collection":[{"href":"https:\/\/metricalgo.com\/es\/wp-json\/wp\/v2\/pages"}],"about":[{"href":"https:\/\/metricalgo.com\/es\/wp-json\/wp\/v2\/types\/page"}],"author":[{"embeddable":true,"href":"https:\/\/metricalgo.com\/es\/wp-json\/wp\/v2\/users\/2"}],"replies":[{"embeddable":true,"href":"https:\/\/metricalgo.com\/es\/wp-json\/wp\/v2\/comments?post=4684"}],"version-history":[{"count":1,"href":"https:\/\/metricalgo.com\/es\/wp-json\/wp\/v2\/pages\/4684\/revisions"}],"predecessor-version":[{"id":4709,"href":"https:\/\/metricalgo.com\/es\/wp-json\/wp\/v2\/pages\/4684\/revisions\/4709"}],"wp:attachment":[{"href":"https:\/\/metricalgo.com\/es\/wp-json\/wp\/v2\/media?parent=4684"}],"curies":[{"name":"wp","href":"https:\/\/api.w.org\/{rel}","templated":true}]}}