{"id":4121,"date":"2023-12-23T13:27:57","date_gmt":"2023-12-23T12:27:57","guid":{"rendered":"https:\/\/metricalgo.com\/?page_id=4121"},"modified":"2024-02-05T10:56:15","modified_gmt":"2024-02-05T09:56:15","slug":"acceder-a-la-demo","status":"publish","type":"page","link":"https:\/\/metricalgo.com\/es\/acceder-a-la-demo\/","title":{"rendered":"Acceder a la demo"},"content":{"rendered":"<p><strong>\u00bfQuieres un adelanto de c\u00f3mo funciona MetricAlgo y de las posibilidades que te ofrece?<\/strong><\/p>\n<p>Reg\u00edstrate y accede a la demo gratuita, que te permitir\u00e1 experimentar nuestro sistema de vanguardia por ti mismo.<\/p>\n<p>Esta es tu oportunidad de explorar las posibilidades ilimitadas que MetricAlgo tiene para ofrecer.<\/p>\n<p data-sourcepos=\"15:1-15:31\"><strong>\u00bfPor qu\u00e9 probar MetricAlgo?<\/strong><\/p>\n<ul>\n<li data-sourcepos=\"15:1-15:31\"><strong>Acceso inmediato y gratuito:<\/strong> En cuesti\u00f3n de minutos, estar\u00e1s dentro y podr\u00e1s descubrir en primera persona c\u00f3mo funciona MetricAlgo, qu\u00e9 datos te pone a disposici\u00f3n y con qu\u00e9 nivel de profundidad.<\/li>\n<li data-sourcepos=\"15:1-15:31\"><strong>Experiencia directa con acciones reales:<\/strong> en este acceso de demostraci\u00f3n, encontrar\u00e1s disponibles Apple, Amazon, Disney, Meta, Coca Cola y Tesla con acceso a todas las funciones, para probar el potencial de la plataforma.<\/li>\n<li data-sourcepos=\"15:1-15:31\"><strong>Mira MetricAlgo en acci\u00f3n: <\/strong>descubre c\u00f3mo MetricAlgo puede transformar tus estrategias de trading.<\/li>\n<\/ul>\n<p data-sourcepos=\"31:1-31:92\"><strong>No dejes pasar esta oportunidad \u00fanica: reg\u00edstrate ahora para acceder a tu demo gratuita.<\/strong><\/p>\n<p data-sourcepos=\"31:1-31:92\">Introduce tu correo electr\u00f3nico en el formulario e inscr\u00edbete: te dar\u00e1s cuenta de inmediato de c\u00f3mo MetricAlgo puede ser un verdadero cambio de juego en tu forma de hacer trading.<br \/>\nDescubrir\u00e1s lo f\u00e1cil que es definir tus estrategias de forma m\u00e1s consciente e informada, sin dejar nada al azar.<\/p>\n","protected":false},"excerpt":{"rendered":"<p>\u00bfQuieres un adelanto de c\u00f3mo funciona MetricAlgo y de las posibilidades que te ofrece? Reg\u00edstrate y accede a la demo gratuita, que te permitir\u00e1 experimentar nuestro sistema de vanguardia por ti mismo. Esta es tu oportunidad de explorar las posibilidades ilimitadas que MetricAlgo tiene para ofrecer. \u00bfPor qu\u00e9 probar MetricAlgo? Acceso inmediato y gratuito: En [&hellip;]<\/p>\n","protected":false},"author":3,"featured_media":0,"parent":0,"menu_order":0,"comment_status":"closed","ping_status":"closed","template":"","meta":{"_breakdance_hide_in_design_set":false,"_breakdance_tags":"","footnotes":""},"class_list":["post-4121","page","type-page","status-publish","hentry"],"acf":[],"_links":{"self":[{"href":"https:\/\/metricalgo.com\/es\/wp-json\/wp\/v2\/pages\/4121","targetHints":{"allow":["GET"]}}],"collection":[{"href":"https:\/\/metricalgo.com\/es\/wp-json\/wp\/v2\/pages"}],"about":[{"href":"https:\/\/metricalgo.com\/es\/wp-json\/wp\/v2\/types\/page"}],"author":[{"embeddable":true,"href":"https:\/\/metricalgo.com\/es\/wp-json\/wp\/v2\/users\/3"}],"replies":[{"embeddable":true,"href":"https:\/\/metricalgo.com\/es\/wp-json\/wp\/v2\/comments?post=4121"}],"version-history":[{"count":2,"href":"https:\/\/metricalgo.com\/es\/wp-json\/wp\/v2\/pages\/4121\/revisions"}],"predecessor-version":[{"id":4123,"href":"https:\/\/metricalgo.com\/es\/wp-json\/wp\/v2\/pages\/4121\/revisions\/4123"}],"wp:attachment":[{"href":"https:\/\/metricalgo.com\/es\/wp-json\/wp\/v2\/media?parent=4121"}],"curies":[{"name":"wp","href":"https:\/\/api.w.org\/{rel}","templated":true}]}}