{"id":4118,"date":"2023-09-05T06:22:36","date_gmt":"2023-09-05T05:22:36","guid":{"rendered":"https:\/\/metricalgo.com\/changelog\/"},"modified":"2024-02-22T17:11:20","modified_gmt":"2024-02-22T16:11:20","slug":"changelog","status":"publish","type":"page","link":"https:\/\/metricalgo.com\/es\/changelog\/","title":{"rendered":"Changelog"},"content":{"rendered":"<p>Todos los cambios y mejoras de MetricAlgo, en un solo lugar.<br \/>\nDescubre c\u00f3mo hemos mejorado con el tiempo y qu\u00e9 funciones hemos a\u00f1adido.<\/p>\n","protected":false},"excerpt":{"rendered":"<p>Todos los cambios y mejoras de MetricAlgo, en un solo lugar. Descubre c\u00f3mo hemos mejorado con el tiempo y qu\u00e9 funciones hemos a\u00f1adido.<\/p>\n","protected":false},"author":2,"featured_media":0,"parent":0,"menu_order":0,"comment_status":"closed","ping_status":"closed","template":"","meta":{"_breakdance_hide_in_design_set":false,"_breakdance_tags":"","footnotes":""},"class_list":["post-4118","page","type-page","status-publish","hentry"],"acf":[],"_links":{"self":[{"href":"https:\/\/metricalgo.com\/es\/wp-json\/wp\/v2\/pages\/4118","targetHints":{"allow":["GET"]}}],"collection":[{"href":"https:\/\/metricalgo.com\/es\/wp-json\/wp\/v2\/pages"}],"about":[{"href":"https:\/\/metricalgo.com\/es\/wp-json\/wp\/v2\/types\/page"}],"author":[{"embeddable":true,"href":"https:\/\/metricalgo.com\/es\/wp-json\/wp\/v2\/users\/2"}],"replies":[{"embeddable":true,"href":"https:\/\/metricalgo.com\/es\/wp-json\/wp\/v2\/comments?post=4118"}],"version-history":[{"count":1,"href":"https:\/\/metricalgo.com\/es\/wp-json\/wp\/v2\/pages\/4118\/revisions"}],"predecessor-version":[{"id":4336,"href":"https:\/\/metricalgo.com\/es\/wp-json\/wp\/v2\/pages\/4118\/revisions\/4336"}],"wp:attachment":[{"href":"https:\/\/metricalgo.com\/es\/wp-json\/wp\/v2\/media?parent=4118"}],"curies":[{"name":"wp","href":"https:\/\/api.w.org\/{rel}","templated":true}]}}