{"id":3581,"date":"2023-10-24T09:48:42","date_gmt":"2023-10-24T08:48:42","guid":{"rendered":"https:\/\/metricalgo.com\/casos-de-exito\/"},"modified":"2024-03-01T19:31:46","modified_gmt":"2024-03-01T18:31:46","slug":"casos-de-exito","status":"publish","type":"page","link":"https:\/\/metricalgo.com\/es\/casos-de-exito\/","title":{"rendered":"casos de \u00e9xito"},"content":{"rendered":"<p>Cualquiera sea tu estrategia de trading, en MetricAlgo encontrar\u00e1s un aliado fiel y preciso, capaz de mostrarte en pocos clics datos e informaci\u00f3n que de otro modo ser\u00eda casi imposible recuperar. \u00bfCu\u00e1l es la probabilidad de que el t\u00edtulo alcance ese valor? \u00bfCu\u00e1l es el riesgo de superar un determinado strike? \u00bfPuedo esperar m\u00e1s o es mejor cerrar y consolidar la operaci\u00f3n?<\/p>\n<p>Con MetricAlgo encuentras respuesta a todas estas preguntas y muchas otras m\u00e1s, que dependen del tipo de trading que hagas.<\/p>\n<p>A continuaci\u00f3n, hemos incluido algunos casos de \u00e9xito, que te muestran aplicaciones pr\u00e1cticas y documentadas del potencial de MetricAlgo.<\/p>\n","protected":false},"excerpt":{"rendered":"<p>Cualquiera sea tu estrategia de trading, en MetricAlgo encontrar\u00e1s un aliado fiel y preciso, capaz de mostrarte en pocos clics datos e informaci\u00f3n que de otro modo ser\u00eda casi imposible recuperar. \u00bfCu\u00e1l es la probabilidad de que el t\u00edtulo alcance ese valor? \u00bfCu\u00e1l es el riesgo de superar un determinado strike? \u00bfPuedo esperar m\u00e1s o [&hellip;]<\/p>\n","protected":false},"author":2,"featured_media":0,"parent":0,"menu_order":0,"comment_status":"closed","ping_status":"closed","template":"","meta":{"_breakdance_hide_in_design_set":false,"_breakdance_tags":"","footnotes":""},"class_list":["post-3581","page","type-page","status-publish","hentry"],"acf":[],"_links":{"self":[{"href":"https:\/\/metricalgo.com\/es\/wp-json\/wp\/v2\/pages\/3581","targetHints":{"allow":["GET"]}}],"collection":[{"href":"https:\/\/metricalgo.com\/es\/wp-json\/wp\/v2\/pages"}],"about":[{"href":"https:\/\/metricalgo.com\/es\/wp-json\/wp\/v2\/types\/page"}],"author":[{"embeddable":true,"href":"https:\/\/metricalgo.com\/es\/wp-json\/wp\/v2\/users\/2"}],"replies":[{"embeddable":true,"href":"https:\/\/metricalgo.com\/es\/wp-json\/wp\/v2\/comments?post=3581"}],"version-history":[{"count":1,"href":"https:\/\/metricalgo.com\/es\/wp-json\/wp\/v2\/pages\/3581\/revisions"}],"predecessor-version":[{"id":4135,"href":"https:\/\/metricalgo.com\/es\/wp-json\/wp\/v2\/pages\/3581\/revisions\/4135"}],"wp:attachment":[{"href":"https:\/\/metricalgo.com\/es\/wp-json\/wp\/v2\/media?parent=3581"}],"curies":[{"name":"wp","href":"https:\/\/api.w.org\/{rel}","templated":true}]}}