{"id":3548,"date":"2023-08-28T13:23:05","date_gmt":"2023-08-28T13:23:05","guid":{"rendered":"https:\/\/metricalgo.com\/home\/"},"modified":"2024-03-01T20:02:56","modified_gmt":"2024-03-01T19:02:56","slug":"home","status":"publish","type":"page","link":"https:\/\/metricalgo.com\/es\/","title":{"rendered":"Home"},"content":{"rendered":"<p>Para cada tipo de trading, desde acciones y criptomonedas hasta opciones financieras, MetricAlgo es tu aliado para analizar las probabilidades y los tiempos de consecuci\u00f3n de los objetivos. Ofrecemos <strong>an\u00e1lisis hist\u00f3ricos detallados<\/strong> y <strong>gr\u00e1ficos avanzados<\/strong> para una estimaci\u00f3n fiable de las probabilidades, ayud\u00e1ndote a <strong>gestionar el riesgo de forma eficaz<\/strong> y a tomar <strong>decisiones informadas.<\/strong><\/p>\n","protected":false},"excerpt":{"rendered":"<p>Para cada tipo de trading, desde acciones y criptomonedas hasta opciones financieras, MetricAlgo es tu aliado para analizar las probabilidades y los tiempos de consecuci\u00f3n de los objetivos. Ofrecemos an\u00e1lisis hist\u00f3ricos detallados y gr\u00e1ficos avanzados para una estimaci\u00f3n fiable de las probabilidades, ayud\u00e1ndote a gestionar el riesgo de forma eficaz y a tomar decisiones informadas.<\/p>\n","protected":false},"author":2,"featured_media":1363,"parent":0,"menu_order":0,"comment_status":"closed","ping_status":"closed","template":"","meta":{"_breakdance_hide_in_design_set":false,"_breakdance_tags":"","footnotes":""},"class_list":["post-3548","page","type-page","status-publish","has-post-thumbnail","hentry"],"acf":[],"_links":{"self":[{"href":"https:\/\/metricalgo.com\/es\/wp-json\/wp\/v2\/pages\/3548","targetHints":{"allow":["GET"]}}],"collection":[{"href":"https:\/\/metricalgo.com\/es\/wp-json\/wp\/v2\/pages"}],"about":[{"href":"https:\/\/metricalgo.com\/es\/wp-json\/wp\/v2\/types\/page"}],"author":[{"embeddable":true,"href":"https:\/\/metricalgo.com\/es\/wp-json\/wp\/v2\/users\/2"}],"replies":[{"embeddable":true,"href":"https:\/\/metricalgo.com\/es\/wp-json\/wp\/v2\/comments?post=3548"}],"version-history":[{"count":6,"href":"https:\/\/metricalgo.com\/es\/wp-json\/wp\/v2\/pages\/3548\/revisions"}],"predecessor-version":[{"id":4394,"href":"https:\/\/metricalgo.com\/es\/wp-json\/wp\/v2\/pages\/3548\/revisions\/4394"}],"wp:featuredmedia":[{"embeddable":true,"href":"https:\/\/metricalgo.com\/es\/wp-json\/wp\/v2\/media\/1363"}],"wp:attachment":[{"href":"https:\/\/metricalgo.com\/es\/wp-json\/wp\/v2\/media?parent=3548"}],"curies":[{"name":"wp","href":"https:\/\/api.w.org\/{rel}","templated":true}]}}