{"id":3431,"date":"2023-10-10T14:19:29","date_gmt":"2023-10-10T14:19:29","guid":{"rendered":"https:\/\/metricalgo.com\/mexem-nuestra-primera-opcion\/"},"modified":"2023-10-10T14:19:29","modified_gmt":"2023-10-10T14:19:29","slug":"mexem-nuestra-primera-opcion","status":"publish","type":"page","link":"https:\/\/metricalgo.com\/es\/mexem-nuestra-primera-opcion\/","title":{"rendered":"MEXEM, nuestra primera opci\u00f3n"},"content":{"rendered":"<p>Socio hist\u00f3rico de Interactive Brokers, MEXEM act\u00faa como introducing broker para IB, presente en 24 otros pa\u00edses (incluida Italia).<br \/>\nMEXEM ofrece a los traders una cuenta h\u00edbrida donde el usuario puede beneficiarse de toda la tecnolog\u00eda de IB y, al mismo tiempo, propone un tipo de cuenta con una apertura m\u00e1s sencilla, con comisiones y costes diferentes a los aplicados por IB y con un Servicio de Atenci\u00f3n al Cliente italiano m\u00e1s atento y receptivo a las necesidades de la clientela.<\/p>\n","protected":false},"excerpt":{"rendered":"<p>Socio hist\u00f3rico de Interactive Brokers, MEXEM act\u00faa como introducing broker para IB, presente en 24 otros pa\u00edses (incluida Italia). MEXEM ofrece a los traders una cuenta h\u00edbrida donde el usuario puede beneficiarse de toda la tecnolog\u00eda de IB y, al mismo tiempo, propone un tipo de cuenta con una apertura m\u00e1s sencilla, con comisiones y [&hellip;]<\/p>\n","protected":false},"author":2,"featured_media":0,"parent":0,"menu_order":0,"comment_status":"closed","ping_status":"closed","template":"","meta":{"_breakdance_hide_in_design_set":false,"_breakdance_tags":"","footnotes":""},"class_list":["post-3431","page","type-page","status-publish","hentry"],"acf":[],"_links":{"self":[{"href":"https:\/\/metricalgo.com\/es\/wp-json\/wp\/v2\/pages\/3431","targetHints":{"allow":["GET"]}}],"collection":[{"href":"https:\/\/metricalgo.com\/es\/wp-json\/wp\/v2\/pages"}],"about":[{"href":"https:\/\/metricalgo.com\/es\/wp-json\/wp\/v2\/types\/page"}],"author":[{"embeddable":true,"href":"https:\/\/metricalgo.com\/es\/wp-json\/wp\/v2\/users\/2"}],"replies":[{"embeddable":true,"href":"https:\/\/metricalgo.com\/es\/wp-json\/wp\/v2\/comments?post=3431"}],"version-history":[{"count":0,"href":"https:\/\/metricalgo.com\/es\/wp-json\/wp\/v2\/pages\/3431\/revisions"}],"wp:attachment":[{"href":"https:\/\/metricalgo.com\/es\/wp-json\/wp\/v2\/media?parent=3431"}],"curies":[{"name":"wp","href":"https:\/\/api.w.org\/{rel}","templated":true}]}}