{"id":3429,"date":"2023-10-08T13:31:42","date_gmt":"2023-10-08T13:31:42","guid":{"rendered":"https:\/\/metricalgo.com\/quienes-somos\/"},"modified":"2023-11-20T18:02:05","modified_gmt":"2023-11-20T18:02:05","slug":"quienes-somos","status":"publish","type":"page","link":"https:\/\/metricalgo.com\/es\/quienes-somos\/","title":{"rendered":"\u00bfQui\u00e9nes somos?"},"content":{"rendered":"<p>Somos una start-up compuesta por programadores, ingenieros apasionados por lo digital y un amor desenfrenado por la tecnolog\u00eda, los datos y el trading.<br \/>\nNuestra aventura comenz\u00f3 desarrollando un software para realizar an\u00e1lisis personalizados, un software para resolver nuestros problemas relacionados con cu\u00e1nto tiempo se necesita para realizar un an\u00e1lisis adecuado antes de entrar en una operaci\u00f3n. Despu\u00e9s de trabajar duro, hemos convertido nuestra mezcla de pasiones en poderosas herramientas anal\u00edticas que hemos decidido compartir con el mundo entero.<\/p>\n<p>Creamos estas herramientas en primer lugar para nosotros y creemos en compartir el conocimiento, por lo que decidimos hacerlo de nuevo, a mayor escala, con MetricAlgo. Por eso te damos un consejo: cuando observes los datos que este software puede proporcionarte en cuesti\u00f3n de segundos, recuerda que los mismos c\u00e1lculos realizados a mano llevar\u00edan a\u00f1os, no meses, sino a\u00f1os. Aqu\u00ed radica la base del valor de este software, hacer r\u00e1pidamente cosas imposibles de hacer por s\u00ed solo.<\/p>\n<p>Nuestra intenci\u00f3n es continuar desarrollando funciones para obtener cada vez m\u00e1s informaci\u00f3n valiosa, a la que llamamos pepitas de oro. En la pr\u00e1ctica, estamos buscando campos de probabilidad favorables que podamos aprovechar en nuestras estrategias de trading.<\/p>\n<p>\u00a1Descubre el mundo del trading a trav\u00e9s de la lente anal\u00edtica de MetricAlgo y \u00fanete a nosotros en este viaje exploratorio!<\/p>\n","protected":false},"excerpt":{"rendered":"<p>Somos una start-up compuesta por programadores, ingenieros apasionados por lo digital y un amor desenfrenado por la tecnolog\u00eda, los datos y el trading. Nuestra aventura comenz\u00f3 desarrollando un software para realizar an\u00e1lisis personalizados, un software para resolver nuestros problemas relacionados con cu\u00e1nto tiempo se necesita para realizar un an\u00e1lisis adecuado antes de entrar en una [&hellip;]<\/p>\n","protected":false},"author":2,"featured_media":0,"parent":0,"menu_order":0,"comment_status":"closed","ping_status":"closed","template":"","meta":{"_breakdance_hide_in_design_set":false,"_breakdance_tags":"","footnotes":""},"class_list":["post-3429","page","type-page","status-publish","hentry"],"acf":[],"_links":{"self":[{"href":"https:\/\/metricalgo.com\/es\/wp-json\/wp\/v2\/pages\/3429","targetHints":{"allow":["GET"]}}],"collection":[{"href":"https:\/\/metricalgo.com\/es\/wp-json\/wp\/v2\/pages"}],"about":[{"href":"https:\/\/metricalgo.com\/es\/wp-json\/wp\/v2\/types\/page"}],"author":[{"embeddable":true,"href":"https:\/\/metricalgo.com\/es\/wp-json\/wp\/v2\/users\/2"}],"replies":[{"embeddable":true,"href":"https:\/\/metricalgo.com\/es\/wp-json\/wp\/v2\/comments?post=3429"}],"version-history":[{"count":1,"href":"https:\/\/metricalgo.com\/es\/wp-json\/wp\/v2\/pages\/3429\/revisions"}],"predecessor-version":[{"id":3430,"href":"https:\/\/metricalgo.com\/es\/wp-json\/wp\/v2\/pages\/3429\/revisions\/3430"}],"wp:attachment":[{"href":"https:\/\/metricalgo.com\/es\/wp-json\/wp\/v2\/media?parent=3429"}],"curies":[{"name":"wp","href":"https:\/\/api.w.org\/{rel}","templated":true}]}}